{"id":299,"date":"2019-06-26T00:01:34","date_gmt":"2019-06-25T22:01:34","guid":{"rendered":"http:\/\/genocidewola44.pl\/?page_id=299"},"modified":"2019-09-03T23:16:03","modified_gmt":"2019-09-03T21:16:03","slug":"organizatorzy","status":"publish","type":"page","link":"https:\/\/genocidewola44.pl\/index.php\/organizatorzy\/","title":{"rendered":"Organizatorzy"},"content":{"rendered":"\n<p>W ostatnim czasie jeste\u015bmy \u015bwiadkami fali oszczerstw\nprzeciwko Polsce i Polakom. Ich analiza wskazuje, \u017ce podstaw\u0105 dla nich jest\nzafa\u0142szowanie rzeczywistego charakteru okupacji niemieckiej w Polsce i\nwykorzystywanie w tej materii ludzkiej niewiedzy. Nie ma mo\u017cliwo\u015bci zdezawuowania\ntych oszczerstw bez u\u015bwiadomienia opinii publicznej ca\u0142ego barbarzy\u0144stwa\nniemieckiego w Polsce, o czym poj\u0119cia nie maj\u0105 spo\u0142ecze\u0144stwa zachodniej Europy\ni Ameryki P\u00f3\u0142nocnej. Na ukazaniu prawdy o okupacji niemieckiej trzeba wi\u0119c\nskupi\u0107 wysi\u0142ek celem wykazania fa\u0142szywo\u015bci oskar\u017ce\u0144 o udzia\u0142 Polski i Polak\u00f3w w\nzag\u0142adzie \u017byd\u00f3w. Jest to swoista wojna o \u015bwiadomo\u015b\u0107 i honor. Kluczow\u0105 spraw\u0119\nstanowi w tej materii zbrodnia okre\u015blana jako Rze\u017a Woli dokonana w sierpniu\n1944. To zbrodnia ludob\u00f3jstwa dokonana nie przez za\u0142ogi oboz\u00f3w koncentracyjnych\nw tajemnicy przed \u015bwiatem, lecz w bia\u0142y dzie\u0144 przez oddzia\u0142y armii niemieckiej\nna rozkaz dow\u00f3dztwa tej armii na ulicach i podw\u00f3rkach stolicy Polski. <\/p>\n\n\n\n<p>W wyniku inicjatywy, jaka\nzrodzi\u0142a si\u0119 w \u015brodowisku naukowym, przygotowujemy konferencj\u0119 naukow\u0105\npo\u015bwi\u0119con\u0105 tej zbrodni. Konferencja nosi nazw\u0119 \u201e<strong>Os\u0105dzi\u0107 Rze\u017a Woli<\/strong>\u201d (ang. \u201e<strong>Genocide\nWola 44<\/strong>\u201d). Jej celem jest z jednej strony przywr\u00f3cenie krajowej i\nmi\u0119dzynarodowej opinii spo\u0142ecznej pami\u0119ci o najwi\u0119kszej zbrodni armii\nniemieckiej, z drugiej za\u015b do doprowadzenia do postawienia przed w\u0142a\u015bciwym\norganem s\u0105downiczym sprawc\u00f3w tej zbrodni i ich nast\u0119pc\u00f3w prawnych. Uwa\u017camy, \u017ce\nnale\u017cy w tym celu reaktywowa\u0107 Najwy\u017cszy Trybuna\u0142 Narodowy lub te\u017c powo\u0142a\u0107 jego\nwsp\u00f3\u0142czesny odpowiednik.<\/p>\n\n\n\n<p>Nawi\u0105zali\u015bmy kontakt i zaprosili\u015bmy ju\u017c do wsp\u00f3\u0142pracy przy organizacji konferencji: <\/p>\n\n\n\n<ul class=\"wp-block-list\"><li>G\u0142\u00f3wn\u0105 Komisj\u0119 \u015acigania Zbrodni Przeciwko\nNarodowi Polskiemu,<\/li><li>Instytut Pami\u0119ci Narodowej,<\/li><li>Instytut Solidarno\u015bci i M\u0119stwa imienia Witolda\nPileckiego,<\/li><li>Fundacj\u0119 im. Janusza Kurtyki,<\/li><li>Stowarzyszenie Patria Nostra,<\/li><li>Fundacj\u0119 Polsko-Niemieckie Pojednanie,<\/li><li>Urz\u0105d Dzielnicy Warszawa Wola,Muzeum Dulag 121 w\nPruszkowie.<\/li><\/ul>\n\n\n\n<p>Na stra\u017cy w\u0142a\u015bciwego poziomu naukowego zg\u0142oszonych referat\u00f3w i wyst\u0105pie\u0144 b\u0119dzie czuwa\u0142 komitet naukowy z\u0142o\u017cony z wybitnych przedstawicieli nauk prawnych i historycznych. W sk\u0142ad komitetu naukowego  konferencji &#8222;Os\u0105dzi\u0107 Rze\u017a Woli&#8221; wchodz\u0105:<\/p>\n\n\n\n<ul class=\"wp-block-list\"><li>Prof. dr Marek Jan Chodakiewicz; Institute of World Politics,<\/li><li>Prof. dr hab. Piotr Daranowski; UNI, Wydzia\u0142 Prawa i Administracji,<\/li><li>Prof. dr hab. Tadeusz Jasudowicz; UMK, <\/li><li>Prof. dr hab. Karol Karski; Uniwersytet Warszawski, Wydzia\u0142 Prawa i Administracji, Instytut Prawa Mi\u0119dzynarodowego,<\/li><li>Prof. dr hab. Cezary Mik; Kierownik Katedry Prawa Mi\u0119dzynarodowego i Europejskiego z Wydzia\u0142u Prawa i Administracji UKSW,<\/li><li> Dr hab. Krzysztof Motyka, prof. KUL; Katolicki Uniwersytet Lubelski Jana Paw\u0142a II, Wydzia\u0142 Nauk Spo\u0142ecznych,<\/li><li>Dr hab. Mariusz Muszy\u0144ski, prof. UKSW; Uniwersytet Kardyna\u0142a Stefana Wyszy\u0144skiego, Wydzia\u0142 Prawa i Administracji,<\/li><li>Prof. dr hab. Andrzej Nowak; Uniwersytet Jagiello\u0144ski Wydzia\u0142 Historyczny, Instytut Historii PAN,<\/li><li>Prof. dr hab. W\u0142odzimierz Suleja; IPN, Komisja \u015acigania Zbrodni Przeciwko Narodowi Polskiemu,<\/li><li>Dr hab. Krzysztof Szwagrzyk; Instytut Pami\u0119ci Narodowej,<\/li><li>Prof. zw. dr hab. Wies\u0142aw Wysocki; Uniwersytet Kardyna\u0142a Stefana Wyszy\u0144skiego, Wydzia\u0142 Nauk Historycznych i Spo\u0142ecznych,<\/li><li>Prof. dr hab. Jan \u017baryn; Uniwersytet Kardyna\u0142a Stefana Wyszy\u0144skiego, Wydzia\u0142 Nauk Historycznych i Spo\u0142ecznych.<\/li><\/ul>\n\n\n\n<p>Pragniemy zorganizowa\u0107\nkonferencj\u0119 w dniu 28 wrze\u015bnia br. Warunkiem powodzenia konferencji jest\nr\u00f3wnie\u017c godne miejsce jej obrad. Uwa\u017camy, \u017ce ze wzgl\u0119du na sw\u0105 tematyk\u0119 i&nbsp; 75 rocznic\u0119 Rzezi Woli najw\u0142a\u015bciwszym\nmiejscem dla konferencji b\u0119dzie Muzeum Powstania Warszawskiego.<\/p>\n\n\n\n<p>Sk\u0142ad komitetu organizacyjnego konferencji &#8222;Os\u0105dzi\u0107 Rze\u017a Woli&#8221;:<\/p>\n\n\n\n<table class=\"wp-block-table aligncenter is-style-regular\"><tbody><tr><td>Imi\u0119 i nazwisko<\/td><td>Zaw\u00f3d, stanowisko<\/td><td>Adres mailowy<\/td><\/tr><tr><td>Hanna Dobrowolska<\/td><td>dziennikarz<\/td><td>ojhanka@gmail.com<\/td><\/tr><tr><td>Krzysztof Jab\u0142onka<\/td><td>historyk<\/td><td>zakjablonka@gmail.com<\/td><\/tr><tr><td>Stefan Hambura<\/td><td>prawnik, adwokat<\/td><td>stefan.hambura@gmail.com<\/td><\/tr><tr><td>Ryszard Kopiecki<\/td><td>dr matematyki, WAT<\/td><td>ricko@mimuw.edu.pl<\/td><\/tr><tr><td>Grzegorz Kutermankiewicz<\/td><td>dziennikarz, dokumentalista<\/td><td>grzegorzq@gmail.com<\/td><\/tr><tr><td> Natalia Tarczy\u0144ska<\/td><td>analityk systemowy<\/td><td> natalia.tarczynska@gmail.com<\/td><\/tr><tr><td> Gra\u017cyna Tydda <\/td><td>historyk<\/td><td>g.tydda@gmail.com<\/td><\/tr><tr><td>Piotr Witakowski<\/td><td>emerytowany prof. AGH i ITB<\/td><td>witakowski_p@poczta.onet.pl<\/td><\/tr><tr><td>Pawe\u0142 Zdun<\/td><td>Ruch Kontroli Wybor\u00f3w<\/td><td>pawel.zdun@interia.pl<\/td><\/tr><\/tbody><\/table>\n\n\n\n<h4 class=\"wp-block-heading\"><strong>Komitet organizacyjny prosi o zg\u0142oszenie os\u00f3b gotowych pom\u00f3c w organizacji konferencji. <\/strong><\/h4>\n","protected":false},"excerpt":{"rendered":"<div class=\"mh-excerpt\"><p>W ostatnim czasie jeste\u015bmy \u015bwiadkami fali oszczerstw przeciwko Polsce i Polakom. Ich analiza wskazuje, \u017ce podstaw\u0105 dla nich jest zafa\u0142szowanie rzeczywistego charakteru okupacji niemieckiej w <a class=\"mh-excerpt-more\" href=\"https:\/\/genocidewola44.pl\/index.php\/organizatorzy\/\" title=\"Organizatorzy\">[&#8230;]<\/a><\/p>\n<\/div>","protected":false},"author":2,"featured_media":0,"parent":0,"menu_order":0,"comment_status":"closed","ping_status":"closed","template":"","meta":{"footnotes":""},"class_list":["post-299","page","type-page","status-publish","hentry"],"_links":{"self":[{"href":"https:\/\/genocidewola44.pl\/index.php\/wp-json\/wp\/v2\/pages\/299","targetHints":{"allow":["GET"]}}],"collection":[{"href":"https:\/\/genocidewola44.pl\/index.php\/wp-json\/wp\/v2\/pages"}],"about":[{"href":"https:\/\/genocidewola44.pl\/index.php\/wp-json\/wp\/v2\/types\/page"}],"author":[{"embeddable":true,"href":"https:\/\/genocidewola44.pl\/index.php\/wp-json\/wp\/v2\/users\/2"}],"replies":[{"embeddable":true,"href":"https:\/\/genocidewola44.pl\/index.php\/wp-json\/wp\/v2\/comments?post=299"}],"version-history":[{"count":19,"href":"https:\/\/genocidewola44.pl\/index.php\/wp-json\/wp\/v2\/pages\/299\/revisions"}],"predecessor-version":[{"id":397,"href":"https:\/\/genocidewola44.pl\/index.php\/wp-json\/wp\/v2\/pages\/299\/revisions\/397"}],"wp:attachment":[{"href":"https:\/\/genocidewola44.pl\/index.php\/wp-json\/wp\/v2\/media?parent=299"}],"curies":[{"name":"wp","href":"https:\/\/api.w.org\/{rel}","templated":true}]}}