{"id":771,"date":"2022-10-08T14:41:25","date_gmt":"2022-10-08T12:41:25","guid":{"rendered":"https:\/\/genocidewola44.pl\/?page_id=771"},"modified":"2025-01-31T10:32:43","modified_gmt":"2025-01-31T09:32:43","slug":"konferencja","status":"publish","type":"page","link":"https:\/\/genocidewola44.pl\/index.php\/konferencja\/","title":{"rendered":"Konferencja"},"content":{"rendered":"\n<div data-wp-interactive=\"core\/file\" class=\"wp-block-file\"><object data-wp-bind--hidden=\"!state.hasPdfPreview\" hidden class=\"wp-block-file__embed\" data=\"https:\/\/genocidewola44.pl\/wp-content\/uploads\/2022\/10\/KONFERENCJA-OSADZIC-RZEZ-WOLI.pdf\" type=\"application\/pdf\" style=\"width:100%;height:1070px\" aria-label=\"Osadzone z KONFERENCJA OS\u0104DZI\u0106 RZE\u0179 WOLI.\"><\/object><a id=\"wp-block-file--media-4241e14c-a6a2-4a48-9531-24cd430fdeb5\" href=\"https:\/\/genocidewola44.pl\/wp-content\/uploads\/2022\/10\/KONFERENCJA-OSADZIC-RZEZ-WOLI.pdf\">KONFERENCJA OS\u0104DZI\u0106 RZE\u0179 WOLI<\/a><a href=\"https:\/\/genocidewola44.pl\/wp-content\/uploads\/2022\/10\/KONFERENCJA-OSADZIC-RZEZ-WOLI.pdf\" class=\"wp-block-file__button wp-element-button\" download aria-describedby=\"wp-block-file--media-4241e14c-a6a2-4a48-9531-24cd430fdeb5\">Pobierz<\/a><\/div>\n\n\n\n<h2 class=\"wp-block-heading\"><strong>Za\u0142\u0105czniki:<\/strong><\/h2>\n\n\n\n<p>Filmy:<\/p>\n\n\n\n<div class=\"wp-block-buttons is-layout-flex wp-block-buttons-is-layout-flex\">\n<div class=\"wp-block-button has-custom-font-size has-small-font-size\"><a class=\"wp-block-button__link has-black-background-color has-background wp-element-button\" href=\"https:\/\/www.youtube.com\/watch?v=OyINAKGxx8w\" target=\"_blank\" rel=\"noreferrer noopener\">\u015aLADAMI RZEZI WOLI<\/a><\/div>\n\n\n\n<div class=\"wp-block-button has-custom-font-size has-small-font-size\"><a class=\"wp-block-button__link has-black-background-color has-background wp-element-button\" href=\"https:\/\/www.youtube.com\/watch?v=TuWhxBHfeMQ\" target=\"_blank\" rel=\"noreferrer noopener\">ZAG\u0141ADA REDEMPTORYST\u00d3W NA WOLI<\/a><\/div>\n<\/div>\n\n\n\n<p><\/p>\n\n\n\n<p>Wyst\u0105pienia \u015bwiadk\u00f3w:<\/p>\n\n\n\n<div class=\"wp-block-buttons is-layout-flex wp-block-buttons-is-layout-flex\">\n<div class=\"wp-block-button has-custom-font-size has-small-font-size\"><a class=\"wp-block-button__link wp-element-button\" href=\"https:\/\/www.youtube.com\/watch?v=u5ylCvWq9co\" target=\"_blank\" rel=\"noreferrer noopener\">Jadwiga \u0141ukasik<\/a><\/div>\n\n\n\n<div class=\"wp-block-button has-custom-font-size has-small-font-size\"><a class=\"wp-block-button__link wp-element-button\" href=\"https:\/\/www.youtube.com\/watch?v=W0oxQRUrn2k\" target=\"_blank\" rel=\"noreferrer noopener\">Andrzej Kowarsz<\/a><\/div>\n\n\n\n<div class=\"wp-block-button has-custom-font-size has-small-font-size\"><a class=\"wp-block-button__link wp-element-button\" href=\"https:\/\/www.youtube.com\/watch?v=HAH1-3kGyKk\" target=\"_blank\" rel=\"noreferrer noopener\">El\u017cbieta Gutowska-Niedzia\u0142ek<\/a><\/div>\n\n\n\n<div class=\"wp-block-button has-custom-font-size has-small-font-size\"><a class=\"wp-block-button__link wp-element-button\" href=\"https:\/\/www.youtube.com\/watch?v=QnL9Z7YHARc\" target=\"_blank\" rel=\"noreferrer noopener\">Wies\u0142aw K\u0119pi\u0144ski<\/a><\/div>\n\n\n\n<div class=\"wp-block-button has-custom-font-size has-small-font-size\"><a class=\"wp-block-button__link wp-element-button\" href=\"https:\/\/www.youtube.com\/watch?v=rvyAIcfoqxo\" target=\"_blank\" rel=\"noreferrer noopener\">Barbara Czerwiec<\/a><\/div>\n<\/div>\n\n\n\n<p><\/p>\n\n\n\n<div class=\"wp-block-buttons is-layout-flex wp-block-buttons-is-layout-flex\"><\/div>\n","protected":false},"excerpt":{"rendered":"<div class=\"mh-excerpt\"><p>Za\u0142\u0105czniki: Filmy: Wyst\u0105pienia \u015bwiadk\u00f3w:<\/p>\n<\/div>","protected":false},"author":2,"featured_media":0,"parent":0,"menu_order":0,"comment_status":"closed","ping_status":"closed","template":"template-full.php","meta":{"footnotes":""},"class_list":["post-771","page","type-page","status-publish","hentry"],"_links":{"self":[{"href":"https:\/\/genocidewola44.pl\/index.php\/wp-json\/wp\/v2\/pages\/771","targetHints":{"allow":["GET"]}}],"collection":[{"href":"https:\/\/genocidewola44.pl\/index.php\/wp-json\/wp\/v2\/pages"}],"about":[{"href":"https:\/\/genocidewola44.pl\/index.php\/wp-json\/wp\/v2\/types\/page"}],"author":[{"embeddable":true,"href":"https:\/\/genocidewola44.pl\/index.php\/wp-json\/wp\/v2\/users\/2"}],"replies":[{"embeddable":true,"href":"https:\/\/genocidewola44.pl\/index.php\/wp-json\/wp\/v2\/comments?post=771"}],"version-history":[{"count":56,"href":"https:\/\/genocidewola44.pl\/index.php\/wp-json\/wp\/v2\/pages\/771\/revisions"}],"predecessor-version":[{"id":979,"href":"https:\/\/genocidewola44.pl\/index.php\/wp-json\/wp\/v2\/pages\/771\/revisions\/979"}],"wp:attachment":[{"href":"https:\/\/genocidewola44.pl\/index.php\/wp-json\/wp\/v2\/media?parent=771"}],"curies":[{"name":"wp","href":"https:\/\/api.w.org\/{rel}","templated":true}]}}